{"id":386,"date":"2023-06-30T12:36:22","date_gmt":"2023-06-30T10:36:22","guid":{"rendered":"http:\/\/carambola.cat\/?page_id=386"},"modified":"2023-07-25T14:49:06","modified_gmt":"2023-07-25T12:49:06","slug":"inicio","status":"publish","type":"page","link":"https:\/\/carambola.cat\/es\/","title":{"rendered":"Inicio"},"content":{"rendered":"<p>[et_pb_section fb_built=\u00bb1&#8243; _builder_version=\u00bb4.16&#8243; _module_preset=\u00bbdefault\u00bb background_image=\u00bbhttp:\/\/carambola.cat\/wp-content\/uploads\/2023\/07\/frame-pink.png\u00bb custom_padding=\u00bb0px||0px|||\u00bb saved_tabs=\u00bball\u00bb global_colors_info=\u00bb{}\u00bb][et_pb_row _builder_version=\u00bb4.16&#8243; _module_preset=\u00bbdefault\u00bb background_color=\u00bb#FFFFFF\u00bb custom_padding=\u00bb|2px|0px|33px||\u00bb global_colors_info=\u00bb{}\u00bb][et_pb_column type=\u00bb4_4&#8243; _builder_version=\u00bb4.16&#8243; _module_preset=\u00bbdefault\u00bb global_colors_info=\u00bb{}\u00bb][et_pb_text content_tablet=\u00bb<\/p>\n<h1 style=%22font-size: 110px;%22>helados artesanales<\/h1>\n<\/p>\n<p>\u00bb content_phone=\u00bb <\/p>\n<h1 style=%22font-size: 50px;%22><span style=%22color: #000000;%22>helados artesanales<\/span><\/h1>\n<p> \u00bb content_last_edited=\u00bbon|desktop\u00bb _builder_version=\u00bb4.21.0&#8243; _module_preset=\u00bbdefault\u00bb text_font=\u00bbFutura||||||||\u00bb text_text_color=\u00bb#FFFFFF\u00bb header_font=\u00bbMayayo|900|||||||\u00bb header_text_color=\u00bb#000000&#8243; header_font_size=\u00bb150px\u00bb header_letter_spacing=\u00bb7px\u00bb background_layout=\u00bbdark\u00bb width=\u00bb109.3%\u00bb custom_margin=\u00bb||60px|-2px|false|false\u00bb custom_margin_tablet=\u00bb|||0px\u00bb custom_margin_phone=\u00bb\u00bb custom_margin_last_edited=\u00bbon|phone\u00bb custom_padding=\u00bb||1px|0px||\u00bb hover_enabled=\u00bb0&#8243; header_font_size_tablet=\u00bb80px\u00bb header_font_size_phone=\u00bb60px\u00bb header_font_size_last_edited=\u00bbon|phone\u00bb header_letter_spacing_tablet=\u00bb0px\u00bb header_letter_spacing_phone=\u00bb\u00bb header_letter_spacing_last_edited=\u00bbon|tablet\u00bb locked=\u00bboff\u00bb global_colors_info=\u00bb{}\u00bb sticky_enabled=\u00bb0&#8243;]<\/p>\n<h1 style=\"font-size: 130px;\"><span style=\"color: #000000;\">HELADOS ARTESANALES<\/span><\/h1>\n<p>[\/et_pb_text][et_pb_button button_url=\u00bbhttps:\/\/carambola.cat\/es\/contacto\/\u00bb button_text=\u00bbVIS\u00cdTANOS\u00bb _builder_version=\u00bb4.16&#8243; _module_preset=\u00bbdefault\u00bb custom_button=\u00bbon\u00bb button_text_size=\u00bb14px\u00bb button_text_color=\u00bb#ffffff\u00bb button_bg_color=\u00bb#000000&#8243; button_border_width=\u00bb0px\u00bb button_border_radius=\u00bb0px\u00bb button_letter_spacing=\u00bb2px\u00bb button_font=\u00bbPrompt|||on|||||\u00bb button_use_icon=\u00bboff\u00bb custom_margin=\u00bb-22px|||1px|false|false\u00bb custom_margin_tablet=\u00bb|||0px|false|false\u00bb custom_margin_phone=\u00bb\u00bb custom_margin_last_edited=\u00bbon|tablet\u00bb custom_padding=\u00bb15px|30px|15px|30px|true|true\u00bb button_text_color_last_edited=\u00bboff|desktop\u00bb button_bg_color_last_edited=\u00bboff|desktop\u00bb locked=\u00bboff\u00bb global_colors_info=\u00bb{}\u00bb button_bg_color__hover_enabled=\u00bbon|hover\u00bb button_bg_color__hover=\u00bb#ce035c\u00bb button_bg_enable_color__hover=\u00bbon\u00bb button_text_color__hover=\u00bb#ffffff\u00bb button_border_color__hover=\u00bbrgba(0,0,0,0)\u00bb][\/et_pb_button][et_pb_image src=\u00bbhttps:\/\/carambola.cat\/wp-content\/uploads\/2023\/07\/B7-2.png\u00bb title_text=\u00bbB7 2&#8243; _builder_version=\u00bb4.21.0&#8243; _module_preset=\u00bbdefault\u00bb custom_margin=\u00bb|-2px|||false|false\u00bb hover_enabled=\u00bb0&#8243; global_colors_info=\u00bb{}\u00bb sticky_enabled=\u00bb0&#8243;][\/et_pb_image][\/et_pb_column][\/et_pb_row][\/et_pb_section][et_pb_section fb_built=\u00bb1&#8243; custom_padding_last_edited=\u00bbon|tablet\u00bb admin_label=\u00bbContact Info\u00bb _builder_version=\u00bb4.16&#8243; _module_preset=\u00bbdefault\u00bb custom_margin_tablet=\u00bb||0px||false|false\u00bb custom_margin_last_edited=\u00bboff|desktop\u00bb custom_padding=\u00bb||230px||false|false\u00bb custom_padding_tablet=\u00bb||0px||false|false\u00bb custom_padding_phone=\u00bb\u00bb global_colors_info=\u00bb{}\u00bb][et_pb_row column_structure=\u00bb1_2,1_2&#8243; _builder_version=\u00bb4.16&#8243; _module_preset=\u00bbdefault\u00bb custom_padding=\u00bb0px||0px||false|false\u00bb border_width_left_tablet=\u00bb0px\u00bb border_width_left_last_edited=\u00bboff|desktop\u00bb global_colors_info=\u00bb{}\u00bb][et_pb_column type=\u00bb1_2&#8243; _builder_version=\u00bb4.16&#8243; _module_preset=\u00bbdefault\u00bb background_color=\u00bb#f6d817&#8243; background_color_gradient_direction=\u00bb90deg\u00bb transform_translate_linked=\u00bboff\u00bb custom_padding=\u00bb60px|40px|||false|false\u00bb custom_padding_tablet=\u00bb40px|40px||40px|false|true\u00bb custom_padding_phone=\u00bb|20px||20px|false|true\u00bb custom_padding_last_edited=\u00bbon|phone\u00bb box_shadow_vertical_tablet=\u00bb-200px\u00bb box_shadow_vertical_phone=\u00bb-100px\u00bb box_shadow_vertical_last_edited=\u00bbon|phone\u00bb global_colors_info=\u00bb{}\u00bb][et_pb_image src=\u00bbhttp:\/\/carambola.cat\/wp-content\/uploads\/2023\/07\/A2.jpeg\u00bb title_text=\u00bbA2&#8243; _builder_version=\u00bb4.16&#8243; _module_preset=\u00bbdefault\u00bb max_width=\u00bb400px\u00bb max_width_tablet=\u00bb250px\u00bb max_width_phone=\u00bb180px\u00bb max_width_last_edited=\u00bbon|desktop\u00bb module_alignment=\u00bbcenter\u00bb custom_margin=\u00bb||-260px||false|false\u00bb custom_margin_tablet=\u00bb||-160px||false|false\u00bb custom_margin_phone=\u00bb||-110px||false|false\u00bb custom_margin_last_edited=\u00bbon|tablet\u00bb module_alignment_tablet=\u00bbcenter\u00bb module_alignment_phone=\u00bb\u00bb module_alignment_last_edited=\u00bbon|desktop\u00bb global_colors_info=\u00bb{}\u00bb][\/et_pb_image][\/et_pb_column][et_pb_column type=\u00bb1_2&#8243; _builder_version=\u00bb4.16&#8243; _module_preset=\u00bbdefault\u00bb global_colors_info=\u00bb{}\u00bb][et_pb_text _builder_version=\u00bb4.16&#8243; _module_preset=\u00bbdefault\u00bb text_font=\u00bbFutura||||||||\u00bb text_line_height=\u00bb1.6em\u00bb header_font=\u00bbMayayo||||||||\u00bb header_2_font=\u00bbMayayo|800|||||||\u00bb header_2_text_color=\u00bb#ce035c\u00bb header_2_font_size=\u00bb60px\u00bb header_2_line_height=\u00bb1.2em\u00bb header_3_font=\u00bbMayayo||||||||\u00bb z_index=\u00bb1&#8243; text_orientation=\u00bbright\u00bb custom_margin=\u00bb80px||||false|false\u00bb custom_margin_tablet=\u00bb157px||||false|false\u00bb custom_margin_phone=\u00bb116px||||false|false\u00bb custom_margin_last_edited=\u00bbon|desktop\u00bb custom_padding=\u00bb|||40px|false|false\u00bb custom_padding_tablet=\u00bb|||0px|false|false\u00bb custom_padding_phone=\u00bb\u00bb custom_padding_last_edited=\u00bbon|desktop\u00bb header_2_font_size_tablet=\u00bb30px\u00bb header_2_font_size_phone=\u00bb20px\u00bb header_2_font_size_last_edited=\u00bbon|phone\u00bb text_text_align=\u00bbright\u00bb locked=\u00bboff\u00bb global_colors_info=\u00bb{}\u00bb text_text_align_tablet=\u00bbleft\u00bb text_text_align_last_edited=\u00bbon|desktop\u00bb text_text_align_phone=\u00bbleft\u00bb]<\/p>\n<h2>BIENVENIDOS !<\/h2>\n<h3>En <span style=\"box-sizing: border-box; margin-bottom: 0px; color: #ffcc00;\"><strong style=\"box-sizing: border-box; font-weight: light; margin-bottom: 0px;\">Carambola<\/strong><\/span><span> <\/span>elaboramos nuestros helados de forma artesanal y diaria para que puedas disfrutarlos con todo su sabor y calidad.<\/h3>\n<p>[\/et_pb_text][et_pb_button button_url=\u00bbhttps:\/\/carambola.cat\/es\/contacto\/\u00bb button_text=\u00bbVIS\u00cdTANOS\u00bb button_alignment=\u00bbright\u00bb _builder_version=\u00bb4.16&#8243; _module_preset=\u00bbdefault\u00bb custom_button=\u00bbon\u00bb button_text_size=\u00bb14px\u00bb button_text_color=\u00bb#ffffff\u00bb button_bg_color=\u00bb#000000&#8243; button_border_width=\u00bb0px\u00bb button_border_radius=\u00bb0px\u00bb button_letter_spacing=\u00bb2px\u00bb button_font=\u00bbPrompt|||on|||||\u00bb button_use_icon=\u00bboff\u00bb custom_margin=\u00bb|||-150px|false|false\u00bb custom_margin_tablet=\u00bb|||0px|false|false\u00bb custom_margin_phone=\u00bb\u00bb custom_margin_last_edited=\u00bbon|tablet\u00bb custom_padding=\u00bb15px|30px|15px|30px|true|true\u00bb button_text_color_last_edited=\u00bboff|desktop\u00bb button_bg_color_last_edited=\u00bboff|desktop\u00bb locked=\u00bboff\u00bb global_colors_info=\u00bb{}\u00bb button_bg_color__hover_enabled=\u00bbon|hover\u00bb button_bg_color__hover=\u00bb#ce035c\u00bb button_bg_enable_color__hover=\u00bbon\u00bb button_text_color__hover=\u00bb#ffffff\u00bb button_border_color__hover=\u00bbrgba(0,0,0,0)\u00bb][\/et_pb_button][\/et_pb_column][\/et_pb_row][\/et_pb_section][et_pb_section fb_built=\u00bb1&#8243; admin_label=\u00bbAbout\u00bb _builder_version=\u00bb4.16&#8243; _module_preset=\u00bbdefault\u00bb use_background_color_gradient=\u00bbon\u00bb background_color_gradient_stops=\u00bb#ffffff 86%|#f4f4f4 100%\u00bb background_color_gradient_start=\u00bb#ffffff\u00bb background_color_gradient_start_position=\u00bb86%\u00bb background_color_gradient_end=\u00bb#f4f4f4&#8243; custom_margin=\u00bb||||false|false\u00bb custom_padding=\u00bb||10vw||false|false\u00bb bottom_divider_style=\u00bbwaves\u00bb bottom_divider_color=\u00bb#ffffff\u00bb bottom_divider_height=\u00bb10vw\u00bb global_colors_info=\u00bb{}\u00bb][et_pb_row _builder_version=\u00bb4.16&#8243; _module_preset=\u00bbdefault\u00bb custom_padding=\u00bb||0px|||\u00bb global_colors_info=\u00bb{}\u00bb][et_pb_column type=\u00bb4_4&#8243; _builder_version=\u00bb4.16&#8243; _module_preset=\u00bbdefault\u00bb global_colors_info=\u00bb{}\u00bb][et_pb_text _builder_version=\u00bb4.21.0&#8243; _module_preset=\u00bbdefault\u00bb header_font=\u00bb||||||||\u00bb header_2_font=\u00bbMayayo|200|||||||\u00bb header_2_font_size=\u00bb60px\u00bb header_2_line_height=\u00bb1.2em\u00bb header_4_font=\u00bbPrompt|600||on|||||\u00bb header_4_font_size=\u00bb14px\u00bb header_4_letter_spacing=\u00bb2px\u00bb header_4_line_height=\u00bb1.2em\u00bb z_index=\u00bb1&#8243; max_width=\u00bb800px\u00bb hover_enabled=\u00bb0&#8243; header_2_font_size_tablet=\u00bb40px\u00bb header_2_font_size_phone=\u00bb25px\u00bb header_2_font_size_last_edited=\u00bbon|phone\u00bb text_orientation_tablet=\u00bbleft\u00bb text_orientation_last_edited=\u00bboff|desktop\u00bb locked=\u00bboff\u00bb global_colors_info=\u00bb{}\u00bb sticky_enabled=\u00bb0&#8243;]<\/p>\n<h2 style=\"font-size: 56px\">helados que marcan la diferencia<\/h2>\n<p>[\/et_pb_text][\/et_pb_column][\/et_pb_row][et_pb_row column_structure=\u00bb1_4,1_4,1_4,1_4&#8243; _builder_version=\u00bb4.16&#8243; _module_preset=\u00bbdefault\u00bb custom_padding=\u00bb50px||||false|false\u00bb global_colors_info=\u00bb{}\u00bb][et_pb_column type=\u00bb1_4&#8243; _builder_version=\u00bb4.16&#8243; _module_preset=\u00bbdefault\u00bb global_colors_info=\u00bb{}\u00bb][et_pb_blurb title=\u00bbProducci\u00f3n diaria\u00bb image=\u00bbhttp:\/\/carambola.cat\/wp-content\/uploads\/2023\/05\/calendario-diario.png\u00bb image_icon_width=\u00bb60px\u00bb _builder_version=\u00bb4.16&#8243; _module_preset=\u00bbdefault\u00bb header_font=\u00bbMayayo||||||||\u00bb header_text_align=\u00bbcenter\u00bb header_font_size=\u00bb32px\u00bb body_font=\u00bbFutura Light OK|300|||||||\u00bb body_text_align=\u00bbcenter\u00bb body_font_size=\u00bb20px\u00bb global_colors_info=\u00bb{}\u00bb]<\/p>\n<p>Para asegurar un sabor \u00fanico y mantener la calidad.<\/p>\n<p>[\/et_pb_blurb][\/et_pb_column][et_pb_column type=\u00bb1_4&#8243; _builder_version=\u00bb4.16&#8243; _module_preset=\u00bbdefault\u00bb global_colors_info=\u00bb{}\u00bb][et_pb_blurb title=\u00bbNaturales\u00bb image=\u00bbhttp:\/\/carambola.cat\/wp-content\/uploads\/2023\/05\/sin-preservativos.png\u00bb image_icon_width=\u00bb60px\u00bb _builder_version=\u00bb4.16&#8243; _module_preset=\u00bbdefault\u00bb header_font=\u00bbMayayo||||||||\u00bb header_text_align=\u00bbcenter\u00bb header_font_size=\u00bb32px\u00bb body_font=\u00bbFutura Light OK|300|||||||\u00bb body_text_align=\u00bbcenter\u00bb body_font_size=\u00bb20px\u00bb global_colors_info=\u00bb{}\u00bb]<\/p>\n<p>Sin grasas vegetales hidrogenadas y sin colorantes artificiales.<\/p>\n<p>[\/et_pb_blurb][\/et_pb_column][et_pb_column type=\u00bb1_4&#8243; _builder_version=\u00bb4.16&#8243; _module_preset=\u00bbdefault\u00bb global_colors_info=\u00bb{}\u00bb][et_pb_blurb title=\u00bbEspeciales\u00bb image=\u00bbhttp:\/\/carambola.cat\/wp-content\/uploads\/2023\/05\/notas-adhesivas.png\u00bb image_icon_width=\u00bb60px\u00bb _builder_version=\u00bb4.16&#8243; _module_preset=\u00bbdefault\u00bb header_font=\u00bbMayayo||||||||\u00bb header_text_align=\u00bbcenter\u00bb header_font_size=\u00bb32px\u00bb body_font=\u00bbFutura Light OK|300|||||||\u00bb body_text_align=\u00bbcenter\u00bb body_font_size=\u00bb20px\u00bb global_colors_info=\u00bb{}\u00bb]<\/p>\n<p>Opci\u00f3n de helados sin gluten, sin leche, bajos en az\u00facares\u2026<\/p>\n<p>[\/et_pb_blurb][\/et_pb_column][et_pb_column type=\u00bb1_4&#8243; _builder_version=\u00bb4.16&#8243; _module_preset=\u00bbdefault\u00bb global_colors_info=\u00bb{}\u00bb][et_pb_blurb title=\u00bbFruta natural\u00bb image=\u00bbhttp:\/\/carambola.cat\/wp-content\/uploads\/2023\/05\/lima.png\u00bb image_icon_width=\u00bb60px\u00bb _builder_version=\u00bb4.16&#8243; _module_preset=\u00bbdefault\u00bb header_font=\u00bbMayayo||||||||\u00bb header_text_align=\u00bbcenter\u00bb header_font_size=\u00bb32px\u00bb body_font=\u00bbFutura Light OK|300|||||||\u00bb body_text_align=\u00bbcenter\u00bb body_font_size=\u00bb20px\u00bb global_colors_info=\u00bb{}\u00bb]<\/p>\n<p>De calidad y en cantidad, en todos nuestros sorbetes, potenciando el gusto original de las frutas.<\/p>\n<p>[\/et_pb_blurb][\/et_pb_column][\/et_pb_row][et_pb_row _builder_version=\u00bb4.16&#8243; _module_preset=\u00bbdefault\u00bb background_enable_color=\u00bboff\u00bb background_enable_image=\u00bboff\u00bb custom_padding=\u00bb||0px|||\u00bb global_colors_info=\u00bb{}\u00bb][et_pb_column type=\u00bb4_4&#8243; _builder_version=\u00bb4.16&#8243; _module_preset=\u00bbdefault\u00bb global_colors_info=\u00bb{}\u00bb][et_pb_text _builder_version=\u00bb4.16&#8243; _module_preset=\u00bbdefault\u00bb text_font=\u00bbFutura Light OK||||||||\u00bb text_font_size=\u00bb18px\u00bb header_font=\u00bb||||||||\u00bb header_2_font=\u00bbMayayo|200|||||||\u00bb header_2_font_size=\u00bb60px\u00bb header_2_line_height=\u00bb1.2em\u00bb header_3_font=\u00bbMayayo||||||||\u00bb header_3_text_color=\u00bb#CE035C\u00bb header_3_font_size=\u00bb32px\u00bb header_4_font=\u00bbPrompt|600||on|||||\u00bb header_4_font_size=\u00bb14px\u00bb header_4_letter_spacing=\u00bb2px\u00bb header_4_line_height=\u00bb1.2em\u00bb z_index=\u00bb1&#8243; max_width=\u00bb800px\u00bb header_2_font_size_tablet=\u00bb40px\u00bb header_2_font_size_phone=\u00bb25px\u00bb header_2_font_size_last_edited=\u00bbon|phone\u00bb text_orientation_tablet=\u00bbleft\u00bb text_orientation_last_edited=\u00bboff|desktop\u00bb locked=\u00bboff\u00bb global_colors_info=\u00bb{}\u00bb]<\/p>\n<h3>Adem\u00e1s&#8230;<\/h3>\n<p>Podr\u00e1s encontrar granizados, horchata, batidos helados (milkshakes), gofres, caf\u00e9s, churros con chocolate\u2026 y combinarlo siempre con nuestro helado: affogato (caf\u00e9+helado), gofres con helado, chocolate caliente con helado dentro\u2026<\/p>\n<p>[\/et_pb_text][\/et_pb_column][\/et_pb_row][et_pb_row column_structure=\u00bb1_4,1_4,1_4,1_4&#8243; _builder_version=\u00bb4.16&#8243; _module_preset=\u00bbdefault\u00bb global_colors_info=\u00bb{}\u00bb][et_pb_column type=\u00bb1_4&#8243; _builder_version=\u00bb4.16&#8243; _module_preset=\u00bbdefault\u00bb global_colors_info=\u00bb{}\u00bb][et_pb_image src=\u00bbhttp:\/\/carambola.cat\/wp-content\/uploads\/2023\/07\/E1.jpeg\u00bb title_text=\u00bbE1&#8243; _builder_version=\u00bb4.16&#8243; _module_preset=\u00bbdefault\u00bb width=\u00bb81%\u00bb global_colors_info=\u00bb{}\u00bb][\/et_pb_image][\/et_pb_column][et_pb_column type=\u00bb1_4&#8243; _builder_version=\u00bb4.16&#8243; _module_preset=\u00bbdefault\u00bb global_colors_info=\u00bb{}\u00bb][et_pb_image src=\u00bbhttp:\/\/carambola.cat\/wp-content\/uploads\/2023\/07\/E2.jpeg\u00bb title_text=\u00bbE2&#8243; _builder_version=\u00bb4.16&#8243; _module_preset=\u00bbdefault\u00bb global_colors_info=\u00bb{}\u00bb][\/et_pb_image][\/et_pb_column][et_pb_column type=\u00bb1_4&#8243; _builder_version=\u00bb4.16&#8243; _module_preset=\u00bbdefault\u00bb global_colors_info=\u00bb{}\u00bb][et_pb_image src=\u00bbhttp:\/\/carambola.cat\/wp-content\/uploads\/2023\/07\/E3.jpeg\u00bb title_text=\u00bbE3&#8243; _builder_version=\u00bb4.16&#8243; _module_preset=\u00bbdefault\u00bb width=\u00bb86%\u00bb global_colors_info=\u00bb{}\u00bb][\/et_pb_image][\/et_pb_column][et_pb_column type=\u00bb1_4&#8243; _builder_version=\u00bb4.16&#8243; _module_preset=\u00bbdefault\u00bb global_colors_info=\u00bb{}\u00bb][et_pb_image src=\u00bbhttp:\/\/carambola.cat\/wp-content\/uploads\/2023\/07\/E4.jpeg\u00bb title_text=\u00bbE4&#8243; _builder_version=\u00bb4.16&#8243; _module_preset=\u00bbdefault\u00bb global_colors_info=\u00bb{}\u00bb][\/et_pb_image][\/et_pb_column][\/et_pb_row][\/et_pb_section][et_pb_section fb_built=\u00bb1&#8243; custom_padding_last_edited=\u00bboff|phone\u00bb admin_label=\u00bbFooter\u00bb _builder_version=\u00bb4.16&#8243; _module_preset=\u00bbdefault\u00bb use_background_color_gradient=\u00bbon\u00bb background_color_gradient_direction=\u00bb90deg\u00bb background_color_gradient_stops=\u00bbrgba(255,186,221,0) 65%|#613314 65%\u00bb background_color_gradient_overlays_image=\u00bbon\u00bb background_color_gradient_start=\u00bbrgba(255,186,221,0)\u00bb background_color_gradient_start_position=\u00bb65%\u00bb background_color_gradient_end=\u00bb#613314&#8243; background_color_gradient_end_position=\u00bb0%\u00bb background_image=\u00bbhttp:\/\/carambola.cat\/wp-content\/uploads\/2023\/07\/Imatge-1.jpeg\u00bb custom_padding=\u00bb12vw||12vw||true|false\u00bb custom_padding_tablet=\u00bb50px|||\u00bb custom_padding_phone=\u00bb30px||\u00bb global_colors_info=\u00bb{}\u00bb][et_pb_row custom_padding_last_edited=\u00bbon|tablet\u00bb _builder_version=\u00bb4.16&#8243; _module_preset=\u00bbdefault\u00bb background_color=\u00bb#FFFFFF\u00bb width=\u00bb70%\u00bb max_width=\u00bb1024px\u00bb custom_padding=\u00bb2px|1px|2px|1px|true|true\u00bb custom_padding_tablet=\u00bb60px|60px|60px|60px\u00bb custom_padding_phone=\u00bb40px|20px|40px|20px|true|true\u00bb global_colors_info=\u00bb{}\u00bb][et_pb_column type=\u00bb4_4&#8243; _builder_version=\u00bb4.16&#8243; _module_preset=\u00bbdefault\u00bb global_colors_info=\u00bb{}\u00bb][et_pb_image src=\u00bbhttp:\/\/carambola.cat\/wp-content\/uploads\/2023\/05\/logo-3-colors-e1595152632672-1024&#215;363-1.png\u00bb title_text=\u00bblogo-3-colors-e1595152632672-1024&#215;363&#8243; _builder_version=\u00bb4.16&#8243; _module_preset=\u00bbdefault\u00bb global_colors_info=\u00bb{}\u00bb][\/et_pb_image][\/et_pb_column][\/et_pb_row][\/et_pb_section]<\/p>\n","protected":false},"excerpt":{"rendered":"<p>HELADOS ARTESANALESBIENVENIDOS ! En Carambola elaboramos nuestros helados de forma artesanal y diaria para que puedas disfrutarlos con todo su sabor y calidad.helados que marcan la diferenciaPara asegurar un sabor \u00fanico y mantener la calidad.Sin grasas vegetales hidrogenadas y sin colorantes artificiales.Opci\u00f3n de helados sin gluten, sin leche, bajos en az\u00facares\u2026De calidad y en cantidad, [&hellip;]<\/p>\n","protected":false},"author":1,"featured_media":0,"parent":0,"menu_order":0,"comment_status":"closed","ping_status":"closed","template":"","meta":{"_et_pb_use_builder":"on","_et_pb_old_content":"","_et_gb_content_width":"","footnotes":""},"class_list":["post-386","page","type-page","status-publish","hentry"],"yoast_head":"<!-- This site is optimized with the Yoast SEO plugin v20.11 - https:\/\/yoast.com\/wordpress\/plugins\/seo\/ -->\n<title>Inicio - Carambola<\/title>\n<meta name=\"robots\" content=\"index, follow, max-snippet:-1, max-image-preview:large, max-video-preview:-1\" \/>\n<link rel=\"canonical\" href=\"https:\/\/carambola.cat\/es\/\" \/>\n<meta property=\"og:locale\" content=\"es_ES\" \/>\n<meta property=\"og:type\" content=\"article\" \/>\n<meta property=\"og:title\" content=\"Inicio - Carambola\" \/>\n<meta property=\"og:description\" content=\"HELADOS ARTESANALESBIENVENIDOS ! En Carambola elaboramos nuestros helados de forma artesanal y diaria para que puedas disfrutarlos con todo su sabor y calidad.helados que marcan la diferenciaPara asegurar un sabor \u00fanico y mantener la calidad.Sin grasas vegetales hidrogenadas y sin colorantes artificiales.Opci\u00f3n de helados sin gluten, sin leche, bajos en az\u00facares\u2026De calidad y en cantidad, [&hellip;]\" \/>\n<meta property=\"og:url\" content=\"https:\/\/carambola.cat\/es\/\" \/>\n<meta property=\"og:site_name\" content=\"Carambola\" \/>\n<meta property=\"article:modified_time\" content=\"2023-07-25T12:49:06+00:00\" \/>\n<meta name=\"twitter:card\" content=\"summary_large_image\" \/>\n<meta name=\"twitter:label1\" content=\"Tiempo de lectura\" \/>\n\t<meta name=\"twitter:data1\" content=\"10 minutos\" \/>\n<script type=\"application\/ld+json\" class=\"yoast-schema-graph\">{\"@context\":\"https:\/\/schema.org\",\"@graph\":[{\"@type\":\"WebPage\",\"@id\":\"https:\/\/carambola.cat\/es\/\",\"url\":\"https:\/\/carambola.cat\/es\/\",\"name\":\"Inicio - Carambola\",\"isPartOf\":{\"@id\":\"https:\/\/carambola.cat\/es\/#website\"},\"datePublished\":\"2023-06-30T10:36:22+00:00\",\"dateModified\":\"2023-07-25T12:49:06+00:00\",\"breadcrumb\":{\"@id\":\"https:\/\/carambola.cat\/es\/#breadcrumb\"},\"inLanguage\":\"es\",\"potentialAction\":[{\"@type\":\"ReadAction\",\"target\":[\"https:\/\/carambola.cat\/es\/\"]}]},{\"@type\":\"BreadcrumbList\",\"@id\":\"https:\/\/carambola.cat\/es\/#breadcrumb\",\"itemListElement\":[{\"@type\":\"ListItem\",\"position\":1,\"name\":\"Inici\",\"item\":\"https:\/\/carambola.cat\/es\/\"},{\"@type\":\"ListItem\",\"position\":2,\"name\":\"Inicio\"}]},{\"@type\":\"WebSite\",\"@id\":\"https:\/\/carambola.cat\/es\/#website\",\"url\":\"https:\/\/carambola.cat\/es\/\",\"name\":\"Carambola\",\"description\":\"Gelat artes\u00e0 de Barcelona\",\"potentialAction\":[{\"@type\":\"SearchAction\",\"target\":{\"@type\":\"EntryPoint\",\"urlTemplate\":\"https:\/\/carambola.cat\/es\/?s={search_term_string}\"},\"query-input\":\"required name=search_term_string\"}],\"inLanguage\":\"es\"}]}<\/script>\n<!-- \/ Yoast SEO plugin. -->","yoast_head_json":{"title":"Inicio - Carambola","robots":{"index":"index","follow":"follow","max-snippet":"max-snippet:-1","max-image-preview":"max-image-preview:large","max-video-preview":"max-video-preview:-1"},"canonical":"https:\/\/carambola.cat\/es\/","og_locale":"es_ES","og_type":"article","og_title":"Inicio - Carambola","og_description":"HELADOS ARTESANALESBIENVENIDOS ! En Carambola elaboramos nuestros helados de forma artesanal y diaria para que puedas disfrutarlos con todo su sabor y calidad.helados que marcan la diferenciaPara asegurar un sabor \u00fanico y mantener la calidad.Sin grasas vegetales hidrogenadas y sin colorantes artificiales.Opci\u00f3n de helados sin gluten, sin leche, bajos en az\u00facares\u2026De calidad y en cantidad, [&hellip;]","og_url":"https:\/\/carambola.cat\/es\/","og_site_name":"Carambola","article_modified_time":"2023-07-25T12:49:06+00:00","twitter_card":"summary_large_image","twitter_misc":{"Tiempo de lectura":"10 minutos"},"schema":{"@context":"https:\/\/schema.org","@graph":[{"@type":"WebPage","@id":"https:\/\/carambola.cat\/es\/","url":"https:\/\/carambola.cat\/es\/","name":"Inicio - Carambola","isPartOf":{"@id":"https:\/\/carambola.cat\/es\/#website"},"datePublished":"2023-06-30T10:36:22+00:00","dateModified":"2023-07-25T12:49:06+00:00","breadcrumb":{"@id":"https:\/\/carambola.cat\/es\/#breadcrumb"},"inLanguage":"es","potentialAction":[{"@type":"ReadAction","target":["https:\/\/carambola.cat\/es\/"]}]},{"@type":"BreadcrumbList","@id":"https:\/\/carambola.cat\/es\/#breadcrumb","itemListElement":[{"@type":"ListItem","position":1,"name":"Inici","item":"https:\/\/carambola.cat\/es\/"},{"@type":"ListItem","position":2,"name":"Inicio"}]},{"@type":"WebSite","@id":"https:\/\/carambola.cat\/es\/#website","url":"https:\/\/carambola.cat\/es\/","name":"Carambola","description":"Gelat artes\u00e0 de Barcelona","potentialAction":[{"@type":"SearchAction","target":{"@type":"EntryPoint","urlTemplate":"https:\/\/carambola.cat\/es\/?s={search_term_string}"},"query-input":"required name=search_term_string"}],"inLanguage":"es"}]}},"_links":{"self":[{"href":"https:\/\/carambola.cat\/es\/wp-json\/wp\/v2\/pages\/386","targetHints":{"allow":["GET"]}}],"collection":[{"href":"https:\/\/carambola.cat\/es\/wp-json\/wp\/v2\/pages"}],"about":[{"href":"https:\/\/carambola.cat\/es\/wp-json\/wp\/v2\/types\/page"}],"author":[{"embeddable":true,"href":"https:\/\/carambola.cat\/es\/wp-json\/wp\/v2\/users\/1"}],"replies":[{"embeddable":true,"href":"https:\/\/carambola.cat\/es\/wp-json\/wp\/v2\/comments?post=386"}],"version-history":[{"count":27,"href":"https:\/\/carambola.cat\/es\/wp-json\/wp\/v2\/pages\/386\/revisions"}],"predecessor-version":[{"id":1064,"href":"https:\/\/carambola.cat\/es\/wp-json\/wp\/v2\/pages\/386\/revisions\/1064"}],"wp:attachment":[{"href":"https:\/\/carambola.cat\/es\/wp-json\/wp\/v2\/media?parent=386"}],"curies":[{"name":"wp","href":"https:\/\/api.w.org\/{rel}","templated":true}]}}